{"id":9230,"date":"2022-09-27T23:03:50","date_gmt":"2022-09-28T02:03:50","guid":{"rendered":"https:\/\/pinkademy.com\/ar\/?post_type=product&#038;p=9230"},"modified":"2025-11-14T17:01:28","modified_gmt":"2025-11-14T20:01:28","slug":"lettering","status":"publish","type":"product","link":"https:\/\/pinkademy.com\/ar\/producto\/lettering\/","title":{"rendered":"Brush Lettering desde cero"},"content":{"rendered":"<p><iframe loading=\"lazy\" title=\"Bienvenida y consejos iniciales\" src=\"https:\/\/www.youtube.com\/embed\/hpTWoqo50iA\" width=\"1519\" height=\"585\" frameborder=\"0\" allowfullscreen=\"allowfullscreen\"><\/iframe><\/p>\n","protected":false},"excerpt":{"rendered":"<div dir=\"auto\">Brush Lettering desde cero<\/div>\n<div dir=\"auto\">\u00a1Curso 100% online!<\/div>\n<div dir=\"auto\">Duraci\u00f3n: 2,5 horas<\/div>\n<div dir=\"auto\">Nivel: Comienzas como principiante y terminas con un nivel avanzado de conocimiento del Brush Lettering<\/div>\n<div dir=\"auto\">Materiales necesarios:<\/div>\n<div dir=\"auto\">&#8211; Dispositivo para ver los videos<\/div>\n<div dir=\"auto\">&#8211; 1 marcador con punta de pincel (en el curso aprender\u00e1s en cu\u00e1les invertir)<\/div>\n<div dir=\"auto\">&#8211; Hojas para practicar (si son de puntos, mejor)<\/div>\n<div dir=\"auto\"><\/div>\n<div dir=\"auto\">En este curso te\u00f3rico &#8211; pr\u00e1ctico aprender\u00e1s a dominar el arte del Brush Lettering. Comprender\u00e1s la l\u00f3gica que hay detr\u00e1s de cada trazo y entender\u00e1s la importancia de ahondar en los contenidos te\u00f3ricos antes de lanzarte al papel<\/div>\n<div dir=\"auto\">Haremos un viaje creativo a trav\u00e9s de la construcci\u00f3n de las letras para luego desembarcar en el redise\u00f1o de una frase hecha en el 2020 y finalmente crearemos una frase desde cero, utilizando los conocimientos adquiridos en el curso<\/div>\n<div dir=\"auto\"><\/div>\n<div dir=\"auto\">El curso se compone de 11 videos, cuya tem\u00e1ticas son:<\/div>\n<div dir=\"auto\"><\/div>\n<div dir=\"auto\">1- Bienvenida<\/div>\n<div dir=\"auto\">Consideraciones generales y conceptos importantes: qu\u00e9 es y qu\u00e9 no es el lettering<\/div>\n<div dir=\"auto\">Diferencias entre Tipograf\u00eda, Caligraf\u00eda y Lettering<\/div>\n<div dir=\"auto\">Importancia del registro del proceso creativo<\/div>\n<div dir=\"auto\"><\/div>\n<div dir=\"auto\">2- Materiales necesarios para practicar Brush Lettering y sus caracter\u00edsticas<\/div>\n<div dir=\"auto\"><\/div>\n<div dir=\"auto\">3- Marcadores favoritos y recomendados<\/div>\n<div dir=\"auto\">\u00a0 \u00a0 \u00a0Forma de agarrar el marcador correctamente<\/div>\n<div dir=\"auto\"><\/div>\n<div dir=\"auto\">4- Trazos b\u00e1sicos:<\/div>\n<div dir=\"auto\">\u00a0 \u00a0 \u00a0&#8211; Qu\u00e9 es la regla de oro<\/div>\n<div dir=\"auto\">\u00a0 \u00a0 \u00a0&#8211; Por qu\u00e9 practicar los trazos b\u00e1sicos<\/div>\n<div dir=\"auto\">\u00a0 \u00a0 \u00a0&#8211; El origen de todas las letras<\/div>\n<div dir=\"auto\">\u00a0 \u00a0 \u00a0&#8211; Trazos b\u00e1sicos con sentido<\/div>\n<div dir=\"auto\">\u00a0 \u00a0 \u00a0&#8211; Practiquemos los trazos b\u00e1sicos<\/div>\n<div dir=\"auto\"><\/div>\n<div dir=\"auto\">5- Reglas importantes en el Brush Lettering<\/div>\n<div dir=\"auto\"><\/div>\n<div dir=\"auto\">6- Letras dif\u00edciles y trucos para crearlas con \u00e9xito<\/div>\n<div dir=\"auto\"><\/div>\n<div dir=\"auto\">7- May\u00fasculas y min\u00fasculas. Diferencias en su construcci\u00f3n y c\u00f3mo utilizarlas para crear palabras<\/div>\n<div dir=\"auto\"><\/div>\n<div dir=\"auto\">8- Bouncing Lettering. Maneras de crear letras que bailen<\/div>\n<div dir=\"auto\"><\/div>\n<div dir=\"auto\">9- Proceso creativo: volveremos a realizar una frase que cre\u00e9 en el 2020 y la compararemos con lo que puedo lograr hoy<\/div>\n<div dir=\"auto\"><\/div>\n<div dir=\"auto\">10- Manos a la obra: haremos una composici\u00f3n sencilla con otra frase, aprendiendo los puntos b\u00e1sicos para realizar una composi\u00f3n<\/div>\n<div dir=\"auto\"><\/div>\n<div dir=\"auto\">11- Despedida. Recomendaciones de libros y palabras finales<\/div>\n","protected":false},"featured_media":9764,"template":"","meta":{"_uag_custom_page_level_css":"","site-sidebar-layout":"default","site-content-layout":null,"ast-site-content-layout":"default","site-content-style":"default","site-sidebar-style":"default","ast-global-header-display":"","ast-banner-title-visibility":"","ast-main-header-display":"","ast-hfb-above-header-display":"","ast-hfb-below-header-display":null,"ast-hfb-mobile-header-display":"","site-post-title":"","ast-breadcrumbs-content":null,"ast-featured-img":"","footer-sml-layout":"","ast-disable-related-posts":"","theme-transparent-header-meta":"default","adv-header-id-meta":"","stick-header-meta":"default","header-above-stick-meta":null,"header-main-stick-meta":"","header-below-stick-meta":null,"astra-migrate-meta-layouts":"set","ast-page-background-enabled":"default","ast-page-background-meta":{"desktop":{"background-color":"","background-image":"","background-repeat":"repeat","background-position":"center center","background-size":"auto","background-attachment":"scroll","background-type":"","background-media":"","overlay-type":"","overlay-color":"","overlay-opacity":"","overlay-gradient":""},"tablet":{"background-color":"","background-image":"","background-repeat":"repeat","background-position":"center center","background-size":"auto","background-attachment":"scroll","background-type":"","background-media":"","overlay-type":"","overlay-color":"","overlay-opacity":"","overlay-gradient":""},"mobile":{"background-color":"","background-image":"","background-repeat":"repeat","background-position":"center center","background-size":"auto","background-attachment":"scroll","background-type":"","background-media":"","overlay-type":"","overlay-color":"","overlay-opacity":"","overlay-gradient":""}},"ast-content-background-meta":{"desktop":{"background-color":"var(--ast-global-color-5)","background-image":"","background-repeat":"repeat","background-position":"center center","background-size":"auto","background-attachment":"scroll","background-type":"","background-media":"","overlay-type":"","overlay-color":"","overlay-opacity":"","overlay-gradient":""},"tablet":{"background-color":"var(--ast-global-color-5)","background-image":"","background-repeat":"repeat","background-position":"center center","background-size":"auto","background-attachment":"scroll","background-type":"","background-media":"","overlay-type":"","overlay-color":"","overlay-opacity":"","overlay-gradient":""},"mobile":{"background-color":"var(--ast-global-color-5)","background-image":"","background-repeat":"repeat","background-position":"center center","background-size":"auto","background-attachment":"scroll","background-type":"","background-media":"","overlay-type":"","overlay-color":"","overlay-opacity":"","overlay-gradient":""}}},"product_brand":[],"product_cat":[435,454,262],"product_tag":[448,447,246],"class_list":{"0":"post-9230","1":"product","2":"type-product","3":"status-publish","4":"has-post-thumbnail","6":"product_cat-cursos","7":"product_cat-lettering","8":"product_cat-novedades","9":"product_tag-brush-lettering","10":"product_tag-curso","11":"product_tag-lettering","12":"desktop-align-left","13":"tablet-align-left","14":"mobile-align-left","15":"ast-product-gallery-layout-horizontal-slider","16":"ast-product-gallery-with-no-image","17":"ast-product-tabs-layout-horizontal","19":"first","20":"instock","21":"sale","22":"featured","23":"virtual","24":"taxable","25":"purchasable","26":"product-type-simple"},"uagb_featured_image_src":{"full":["https:\/\/pinkademy.com\/ar\/wp-content\/uploads\/2022\/09\/Lettering-Mediana.jpg",768,768,false],"thumbnail":["https:\/\/pinkademy.com\/ar\/wp-content\/uploads\/2022\/09\/Lettering-Mediana-150x150.jpg",150,150,true],"medium":["https:\/\/pinkademy.com\/ar\/wp-content\/uploads\/2022\/09\/Lettering-Mediana-300x300.jpg",300,300,true],"medium_large":["https:\/\/pinkademy.com\/ar\/wp-content\/uploads\/2022\/09\/Lettering-Mediana.jpg",768,768,false],"large":["https:\/\/pinkademy.com\/ar\/wp-content\/uploads\/2022\/09\/Lettering-Mediana.jpg",768,768,false],"1536x1536":["https:\/\/pinkademy.com\/ar\/wp-content\/uploads\/2022\/09\/Lettering-Mediana.jpg",768,768,false],"2048x2048":["https:\/\/pinkademy.com\/ar\/wp-content\/uploads\/2022\/09\/Lettering-Mediana.jpg",768,768,false],"woocommerce_thumbnail":["https:\/\/pinkademy.com\/ar\/wp-content\/uploads\/2022\/09\/Lettering-Mediana-300x457.jpg",300,457,true],"woocommerce_single":["https:\/\/pinkademy.com\/ar\/wp-content\/uploads\/2022\/09\/Lettering-Mediana-600x600.jpg",600,600,true],"woocommerce_gallery_thumbnail":["https:\/\/pinkademy.com\/ar\/wp-content\/uploads\/2022\/09\/Lettering-Mediana-100x100.jpg",100,100,true]},"uagb_author_info":{"display_name":"Micaela Cabrera","author_link":"https:\/\/pinkademy.com\/ar\/author\/"},"uagb_comment_info":0,"uagb_excerpt":"Brush Lettering desde cero \u00a1Curso 100% online! Duraci\u00f3n: 2,5 horas Nivel: Comienzas como principiante y terminas con un nivel avanzado de conocimiento del Brush Lettering Materiales necesarios: - Dispositivo para ver los videos - 1 marcador con punta de pincel (en el curso aprender\u00e1s en cu\u00e1les invertir) - Hojas para practicar (si son de puntos,&hellip;","_links":{"self":[{"href":"https:\/\/pinkademy.com\/ar\/wp-json\/wp\/v2\/product\/9230","targetHints":{"allow":["GET"]}}],"collection":[{"href":"https:\/\/pinkademy.com\/ar\/wp-json\/wp\/v2\/product"}],"about":[{"href":"https:\/\/pinkademy.com\/ar\/wp-json\/wp\/v2\/types\/product"}],"wp:featuredmedia":[{"embeddable":true,"href":"https:\/\/pinkademy.com\/ar\/wp-json\/wp\/v2\/media\/9764"}],"wp:attachment":[{"href":"https:\/\/pinkademy.com\/ar\/wp-json\/wp\/v2\/media?parent=9230"}],"wp:term":[{"taxonomy":"product_brand","embeddable":true,"href":"https:\/\/pinkademy.com\/ar\/wp-json\/wp\/v2\/product_brand?post=9230"},{"taxonomy":"product_cat","embeddable":true,"href":"https:\/\/pinkademy.com\/ar\/wp-json\/wp\/v2\/product_cat?post=9230"},{"taxonomy":"product_tag","embeddable":true,"href":"https:\/\/pinkademy.com\/ar\/wp-json\/wp\/v2\/product_tag?post=9230"}],"curies":[{"name":"wp","href":"https:\/\/api.w.org\/{rel}","templated":true}]}}