{"id":9003,"date":"2022-08-17T00:01:09","date_gmt":"2022-08-17T03:01:09","guid":{"rendered":"https:\/\/pinkademy.com\/ar\/?post_type=product&#038;p=9003"},"modified":"2025-11-14T17:01:40","modified_gmt":"2025-11-14T20:01:40","slug":"curso-silhouette-1","status":"publish","type":"product","link":"https:\/\/pinkademy.com\/ar\/producto\/curso-silhouette-1\/","title":{"rendered":"Enam\u00f3rate de tu plotter Silhouette"},"content":{"rendered":"<p><iframe loading=\"lazy\" title=\"Curso Silhouette de La Tiendita de Mica\" src=\"https:\/\/www.youtube.com\/embed\/CPL34VMmVwA\" width=\"1519\" height=\"585\" frameborder=\"0\" allowfullscreen=\"allowfullscreen\"><\/iframe><\/p>\n<p>Este curso est\u00e1 pensado para todos los que quieran tener un buen comienzo al trabajar con Silhouette Studio y su plotter de corte Silhouette, as\u00ed como para aquellos que quieran perfeccionar su forma de trabajo con esta herramienta. No importa cu\u00e1l plotter Silhouette tengas; aprender\u00e1s a manejar Silhouette Studio, que es donde radica el \u00e9xito de tu proyecto.<\/p>\n<p>No tiene fecha de inicio ni finalizaci\u00f3n; lo puedes realizar desde la comodidad de tu casa, a tu ritmo y ver los videos cu\u00e1ntas veces quieras. Una vez comprado, siempre tendr\u00e1s acceso a \u00e9l.<br \/>\nContenido:<\/p>\n<p>1- Bienvenida al curso.<br \/>\n2- Introducci\u00f3n:<br \/>\n\u2022 Caracter\u00edsticas generales de los plotter Silhouette.<br \/>\n\u2022 Caracter\u00edsticas de los plotters de corte Silhouette Cameo 3 y 4.<br \/>\n\u2022 Cuchillas y accesorios.<br \/>\n\u2022 Caracter\u00edsticas y preparaci\u00f3n del tapete de corte.<\/p>\n<p>3 &#8211; Manos a la obra<br \/>\n\u2022 Instalaci\u00f3n de Silhouette Studio y reconocimiento de la interfaz de trabajo.<br \/>\n\u2022 Tienda Silhouette: c\u00f3mo descargar y usar archivos gratis y pagos.<\/p>\n<p>4- Primer proyecto:<br \/>\n\u2022 Diagramaci\u00f3n b\u00e1sica de un archivo utilizando las herramientas de forma y modificaci\u00f3n de los puntos de una imagen con y sin fondo.<br \/>\n\u2022 An\u00e1lisis de los par\u00e1metros de corte presentes en la pesta\u00f1a \u201cEnviar\u201d y c\u00f3mo cuidar la integridad del tapete de corte.<br \/>\n\u2022 Impresi\u00f3n, colocaci\u00f3n y corte del proyecto en papel adhesivo.<br \/>\n\u2022 Impresi\u00f3n y corte en cartulina de alto gramaje con variaciones en los par\u00e1metros de corte.<\/p>\n<p>5- Segundo proyecto:<br \/>\n\u2022 Diagramaci\u00f3n y corte de stickers utilizando m\u00e1s de un par\u00e1metro de corte en un mismo archivo. Cortar por l\u00ednea.<\/p>\n<p>6- Herramienta trazado (la mejor herramienta de Silhouette Studio) para realizar cortes precisos y detallados:<br \/>\n\u2022 Manejo b\u00e1sico y avanzado de la herramienta.<br \/>\n\u2022 Aplicaciones.<br \/>\n\u2022 Ejemplos.<\/p>\n<p>7- Tercer proyecto: Realizaci\u00f3n de una composici\u00f3n con vinilo adhesivo sobre una taza:<br \/>\n\u2022 Familiarizaci\u00f3n con el material.<br \/>\n\u2022 Diagramaci\u00f3n del trabajo de corte. Aplicaci\u00f3n de los conceptos aprendidos.<br \/>\n\u2022 Par\u00e1metros de corte y manejo del material una vez cortado.<br \/>\n\u2022 Uso de herramientas para su aplicaci\u00f3n sobre la superficie a trabajar.<\/p>\n<p>8- Cuarto proyecto: elaboraci\u00f3n de un Cake Topper:<br \/>\n\u2022 Aplicaci\u00f3n de los conocimientos aprendidos sobre la herramienta trazado.<br \/>\n\u2022 Aprender a trabajar en capas.<br \/>\n\u2022 Diagramaci\u00f3n y corte de cada una de las capas.<br \/>\n\u2022 Armado del Cake Topper.<br \/>\n\u2022 Variaciones de un mismo trabajo.<\/p>\n<p>9 &#8211; Agradecimiento y despedida.<\/p>\n<p>Extras:<\/p>\n<p>Material en PDF:<br \/>\n\u2022 Errores frecuentes y soluciones probadas.<br \/>\n\u2022 Tips para el mantenimiento y recementaci\u00f3n del tapete de corte.<\/p>\n<p>&nbsp;<\/p>\n","protected":false},"excerpt":{"rendered":"<p>Este curso est\u00e1 pensado para todos los que quieran tener un buen comienzo al trabajar con Silhouette Studio y su plotter de corte Silhouette, as\u00ed como para aquellos que quieran perfeccionar su forma de trabajo con esta herramienta. No importa cu\u00e1l plotter Silhouette tengas; aprender\u00e1s a manejar Silhouette Studio, que es donde radica el \u00e9xito [&hellip;]<\/p>\n","protected":false},"featured_media":9765,"template":"","meta":{"_uag_custom_page_level_css":"","site-sidebar-layout":"default","site-content-layout":null,"ast-site-content-layout":"default","site-content-style":"default","site-sidebar-style":"default","ast-global-header-display":"","ast-banner-title-visibility":"","ast-main-header-display":"","ast-hfb-above-header-display":"","ast-hfb-below-header-display":null,"ast-hfb-mobile-header-display":"","site-post-title":"","ast-breadcrumbs-content":null,"ast-featured-img":"","footer-sml-layout":"","ast-disable-related-posts":"","theme-transparent-header-meta":"default","adv-header-id-meta":"","stick-header-meta":"default","header-above-stick-meta":"","header-main-stick-meta":"","header-below-stick-meta":null,"astra-migrate-meta-layouts":"set","ast-page-background-enabled":"default","ast-page-background-meta":{"desktop":{"background-color":"","background-image":"","background-repeat":"repeat","background-position":"center center","background-size":"auto","background-attachment":"scroll","background-type":"","background-media":"","overlay-type":"","overlay-color":"","overlay-opacity":"","overlay-gradient":""},"tablet":{"background-color":"","background-image":"","background-repeat":"repeat","background-position":"center center","background-size":"auto","background-attachment":"scroll","background-type":"","background-media":"","overlay-type":"","overlay-color":"","overlay-opacity":"","overlay-gradient":""},"mobile":{"background-color":"","background-image":"","background-repeat":"repeat","background-position":"center center","background-size":"auto","background-attachment":"scroll","background-type":"","background-media":"","overlay-type":"","overlay-color":"","overlay-opacity":"","overlay-gradient":""}},"ast-content-background-meta":{"desktop":{"background-color":"var(--ast-global-color-5)","background-image":"","background-repeat":"repeat","background-position":"center center","background-size":"auto","background-attachment":"scroll","background-type":"","background-media":"","overlay-type":"","overlay-color":"","overlay-opacity":"","overlay-gradient":""},"tablet":{"background-color":"var(--ast-global-color-5)","background-image":"","background-repeat":"repeat","background-position":"center center","background-size":"auto","background-attachment":"scroll","background-type":"","background-media":"","overlay-type":"","overlay-color":"","overlay-opacity":"","overlay-gradient":""},"mobile":{"background-color":"var(--ast-global-color-5)","background-image":"","background-repeat":"repeat","background-position":"center center","background-size":"auto","background-attachment":"scroll","background-type":"","background-media":"","overlay-type":"","overlay-color":"","overlay-opacity":"","overlay-gradient":""}}},"product_brand":[],"product_cat":[435,262,453],"product_tag":[],"class_list":{"0":"post-9003","1":"product","2":"type-product","3":"status-publish","4":"has-post-thumbnail","6":"product_cat-cursos","7":"product_cat-novedades","8":"product_cat-silhouette","9":"desktop-align-left","10":"tablet-align-left","11":"mobile-align-left","12":"ast-product-gallery-layout-horizontal-slider","13":"ast-product-gallery-with-no-image","14":"ast-product-tabs-layout-horizontal","16":"first","17":"instock","18":"sale","19":"featured","20":"virtual","21":"taxable","22":"purchasable","23":"product-type-simple"},"uagb_featured_image_src":{"full":["https:\/\/pinkademy.com\/ar\/wp-content\/uploads\/2022\/09\/Silhouette-Mediana.png",792,768,false],"thumbnail":["https:\/\/pinkademy.com\/ar\/wp-content\/uploads\/2022\/09\/Silhouette-Mediana-150x145.png",150,145,true],"medium":["https:\/\/pinkademy.com\/ar\/wp-content\/uploads\/2022\/09\/Silhouette-Mediana-300x291.png",300,291,true],"medium_large":["https:\/\/pinkademy.com\/ar\/wp-content\/uploads\/2022\/09\/Silhouette-Mediana-768x745.png",768,745,true],"large":["https:\/\/pinkademy.com\/ar\/wp-content\/uploads\/2022\/09\/Silhouette-Mediana.png",792,768,false],"1536x1536":["https:\/\/pinkademy.com\/ar\/wp-content\/uploads\/2022\/09\/Silhouette-Mediana.png",792,768,false],"2048x2048":["https:\/\/pinkademy.com\/ar\/wp-content\/uploads\/2022\/09\/Silhouette-Mediana.png",792,768,false],"woocommerce_thumbnail":["https:\/\/pinkademy.com\/ar\/wp-content\/uploads\/2022\/09\/Silhouette-Mediana-300x457.png",300,457,true],"woocommerce_single":["https:\/\/pinkademy.com\/ar\/wp-content\/uploads\/2022\/09\/Silhouette-Mediana-600x582.png",600,582,true],"woocommerce_gallery_thumbnail":["https:\/\/pinkademy.com\/ar\/wp-content\/uploads\/2022\/09\/Silhouette-Mediana-100x100.png",100,100,true]},"uagb_author_info":{"display_name":"Micaela Cabrera","author_link":"https:\/\/pinkademy.com\/ar\/author\/"},"uagb_comment_info":0,"uagb_excerpt":"Este curso est\u00e1 pensado para todos los que quieran tener un buen comienzo al trabajar con Silhouette Studio y su plotter de corte Silhouette, as\u00ed como para aquellos que quieran perfeccionar su forma de trabajo con esta herramienta. No importa cu\u00e1l plotter Silhouette tengas; aprender\u00e1s a manejar Silhouette Studio, que es donde radica el \u00e9xito&hellip;","_links":{"self":[{"href":"https:\/\/pinkademy.com\/ar\/wp-json\/wp\/v2\/product\/9003","targetHints":{"allow":["GET"]}}],"collection":[{"href":"https:\/\/pinkademy.com\/ar\/wp-json\/wp\/v2\/product"}],"about":[{"href":"https:\/\/pinkademy.com\/ar\/wp-json\/wp\/v2\/types\/product"}],"wp:featuredmedia":[{"embeddable":true,"href":"https:\/\/pinkademy.com\/ar\/wp-json\/wp\/v2\/media\/9765"}],"wp:attachment":[{"href":"https:\/\/pinkademy.com\/ar\/wp-json\/wp\/v2\/media?parent=9003"}],"wp:term":[{"taxonomy":"product_brand","embeddable":true,"href":"https:\/\/pinkademy.com\/ar\/wp-json\/wp\/v2\/product_brand?post=9003"},{"taxonomy":"product_cat","embeddable":true,"href":"https:\/\/pinkademy.com\/ar\/wp-json\/wp\/v2\/product_cat?post=9003"},{"taxonomy":"product_tag","embeddable":true,"href":"https:\/\/pinkademy.com\/ar\/wp-json\/wp\/v2\/product_tag?post=9003"}],"curies":[{"name":"wp","href":"https:\/\/api.w.org\/{rel}","templated":true}]}}