{"id":14538,"date":"2026-04-09T09:39:05","date_gmt":"2026-04-09T12:39:05","guid":{"rendered":"https:\/\/pinkademy.com\/ar\/?post_type=product&#038;p=14538"},"modified":"2026-04-09T09:39:05","modified_gmt":"2026-04-09T12:39:05","slug":"libreta-emprendedora-para-imprimir","status":"publish","type":"product","link":"https:\/\/pinkademy.com\/ar\/producto\/libreta-emprendedora-para-imprimir\/","title":{"rendered":"Libreta emprendedora para imprimir"},"content":{"rendered":"","protected":false},"excerpt":{"rendered":"<p>Este archivo imprimible viene en dos formatos: a todo color y en blanco y negro con las primeras p\u00e1ginas a color. Ambas versiones est\u00e1n incluidas en este paquete de archivos.<\/p>\n<p>No es editable y est\u00e1 lista para imprimir en formato final A5, B5 o A4 (incluye videotutorial de impresi\u00f3n). No est\u00e1 pensada para imprimir varias hojas por p\u00e1gina<\/p>\n<p>Luego de comprado, los enlaces de descarga de los archivos llegan por mail<\/p>\n<p>Contenido del archivo:<\/p>\n<ul>\n<li>Videotutorial de impresi\u00f3n<\/li>\n<li>PDF con libreta a todo color<\/li>\n<li>PDF con libreta en blanco y negro con primeras p\u00e1ginas a color<\/li>\n<li>PDF con dise\u00f1o de tapas<\/li>\n<li>Im\u00e1genes para las tapas tambi\u00e9n en formato Png<\/li>\n<li>PDF con divisores de categor\u00edas<\/li>\n<\/ul>\n<p>Contenido de la libreta:<\/p>\n<ul>\n<li>Portada con frase<\/li>\n<li>Calendarios 2026\/2027<\/li>\n<li>20 planificadores mensuales perpetuos<\/li>\n<li>100 plantillas para registro de pedidos<\/li>\n<li>30 plantillas para pedidos de insumos<\/li>\n<li>20 planillas para finanzas del emprendimiento<\/li>\n<li>10 planillas para el registro de precio de productos<\/li>\n<li>30 hojas con checklist<\/li>\n<li>20 hojas de notas<\/li>\n<li>Total de p\u00e1ginas: 106. Total de carillas: 212<\/li>\n<\/ul>\n<p>En todos los casos se pueden agregar m\u00e1s hojas, imprimiendo las que quieras agregar<\/p>\n","protected":false},"featured_media":14539,"template":"","meta":{"_uag_custom_page_level_css":"","site-sidebar-layout":"default","site-content-layout":"","ast-site-content-layout":"default","site-content-style":"default","site-sidebar-style":"default","ast-global-header-display":"","ast-banner-title-visibility":"","ast-main-header-display":"","ast-hfb-above-header-display":"","ast-hfb-below-header-display":"","ast-hfb-mobile-header-display":"","site-post-title":"","ast-breadcrumbs-content":"","ast-featured-img":"","footer-sml-layout":"","ast-disable-related-posts":"","theme-transparent-header-meta":"default","adv-header-id-meta":"","stick-header-meta":"default","header-above-stick-meta":"","header-main-stick-meta":"","header-below-stick-meta":"","astra-migrate-meta-layouts":"set","ast-page-background-enabled":"default","ast-page-background-meta":{"desktop":{"background-color":"","background-image":"","background-repeat":"repeat","background-position":"center center","background-size":"auto","background-attachment":"scroll","background-type":"","background-media":"","overlay-type":"","overlay-color":"","overlay-opacity":"","overlay-gradient":""},"tablet":{"background-color":"","background-image":"","background-repeat":"repeat","background-position":"center center","background-size":"auto","background-attachment":"scroll","background-type":"","background-media":"","overlay-type":"","overlay-color":"","overlay-opacity":"","overlay-gradient":""},"mobile":{"background-color":"","background-image":"","background-repeat":"repeat","background-position":"center center","background-size":"auto","background-attachment":"scroll","background-type":"","background-media":"","overlay-type":"","overlay-color":"","overlay-opacity":"","overlay-gradient":""}},"ast-content-background-meta":{"desktop":{"background-color":"var(--ast-global-color-5)","background-image":"","background-repeat":"repeat","background-position":"center center","background-size":"auto","background-attachment":"scroll","background-type":"","background-media":"","overlay-type":"","overlay-color":"","overlay-opacity":"","overlay-gradient":""},"tablet":{"background-color":"var(--ast-global-color-5)","background-image":"","background-repeat":"repeat","background-position":"center center","background-size":"auto","background-attachment":"scroll","background-type":"","background-media":"","overlay-type":"","overlay-color":"","overlay-opacity":"","overlay-gradient":""},"mobile":{"background-color":"var(--ast-global-color-5)","background-image":"","background-repeat":"repeat","background-position":"center center","background-size":"auto","background-attachment":"scroll","background-type":"","background-media":"","overlay-type":"","overlay-color":"","overlay-opacity":"","overlay-gradient":""}}},"product_brand":[],"product_cat":[463,262],"product_tag":[],"class_list":{"0":"post-14538","1":"product","2":"type-product","3":"status-publish","4":"has-post-thumbnail","6":"product_cat-archivos-imprimibles","7":"product_cat-novedades","8":"desktop-align-left","9":"tablet-align-left","10":"mobile-align-left","11":"ast-product-gallery-layout-horizontal-slider","12":"ast-product-tabs-layout-horizontal","14":"first","15":"instock","16":"sale","17":"downloadable","18":"taxable","19":"shipping-taxable","20":"purchasable","21":"product-type-simple"},"uagb_featured_image_src":{"full":["https:\/\/pinkademy.com\/ar\/wp-content\/uploads\/2026\/04\/Tapa.png",2456,2455,false],"thumbnail":["https:\/\/pinkademy.com\/ar\/wp-content\/uploads\/2026\/04\/Tapa-150x150.png",150,150,true],"medium":["https:\/\/pinkademy.com\/ar\/wp-content\/uploads\/2026\/04\/Tapa-300x300.png",300,300,true],"medium_large":["https:\/\/pinkademy.com\/ar\/wp-content\/uploads\/2026\/04\/Tapa-768x768.png",768,768,true],"large":["https:\/\/pinkademy.com\/ar\/wp-content\/uploads\/2026\/04\/Tapa-1024x1024.png",1024,1024,true],"1536x1536":["https:\/\/pinkademy.com\/ar\/wp-content\/uploads\/2026\/04\/Tapa-1536x1536.png",1536,1536,true],"2048x2048":["https:\/\/pinkademy.com\/ar\/wp-content\/uploads\/2026\/04\/Tapa-2048x2048.png",2048,2048,true],"woocommerce_thumbnail":["https:\/\/pinkademy.com\/ar\/wp-content\/uploads\/2026\/04\/Tapa-300x457.png",300,457,true],"woocommerce_single":["https:\/\/pinkademy.com\/ar\/wp-content\/uploads\/2026\/04\/Tapa-600x600.png",600,600,true],"woocommerce_gallery_thumbnail":["https:\/\/pinkademy.com\/ar\/wp-content\/uploads\/2026\/04\/Tapa-100x100.png",100,100,true]},"uagb_author_info":{"display_name":"Micaela Cabrera","author_link":"https:\/\/pinkademy.com\/ar\/author\/"},"uagb_comment_info":0,"uagb_excerpt":"Este archivo imprimible viene en dos formatos: a todo color y en blanco y negro con las primeras p\u00e1ginas a color. Ambas versiones est\u00e1n incluidas en este paquete de archivos. No es editable y est\u00e1 lista para imprimir en formato final A5, B5 o A4 (incluye videotutorial de impresi\u00f3n). No est\u00e1 pensada para imprimir varias&hellip;","_links":{"self":[{"href":"https:\/\/pinkademy.com\/ar\/wp-json\/wp\/v2\/product\/14538","targetHints":{"allow":["GET"]}}],"collection":[{"href":"https:\/\/pinkademy.com\/ar\/wp-json\/wp\/v2\/product"}],"about":[{"href":"https:\/\/pinkademy.com\/ar\/wp-json\/wp\/v2\/types\/product"}],"wp:featuredmedia":[{"embeddable":true,"href":"https:\/\/pinkademy.com\/ar\/wp-json\/wp\/v2\/media\/14539"}],"wp:attachment":[{"href":"https:\/\/pinkademy.com\/ar\/wp-json\/wp\/v2\/media?parent=14538"}],"wp:term":[{"taxonomy":"product_brand","embeddable":true,"href":"https:\/\/pinkademy.com\/ar\/wp-json\/wp\/v2\/product_brand?post=14538"},{"taxonomy":"product_cat","embeddable":true,"href":"https:\/\/pinkademy.com\/ar\/wp-json\/wp\/v2\/product_cat?post=14538"},{"taxonomy":"product_tag","embeddable":true,"href":"https:\/\/pinkademy.com\/ar\/wp-json\/wp\/v2\/product_tag?post=14538"}],"curies":[{"name":"wp","href":"https:\/\/api.w.org\/{rel}","templated":true}]}}