{"id":14425,"date":"2025-10-10T13:46:18","date_gmt":"2025-10-10T16:46:18","guid":{"rendered":"https:\/\/pinkademy.com\/ar\/?post_type=product&#038;p=14425"},"modified":"2026-04-07T10:08:18","modified_gmt":"2026-04-07T13:08:18","slug":"agenda-dos-dias-por-pagina-2026","status":"publish","type":"product","link":"https:\/\/pinkademy.com\/ar\/producto\/agenda-dos-dias-por-pagina-2026\/","title":{"rendered":"Agenda dos d\u00edas por p\u00e1gina 2026"},"content":{"rendered":"","protected":false},"excerpt":{"rendered":"<p><strong>Agenda dos d\u00edas por p\u00e1gina<\/strong><\/p>\n<p>Qu\u00e9 incluye:<\/p>\n<ul>\n<li>240 carillas equivalentes a 120 hojas (<strong>que se imprimen en el formato final A5)<\/strong><\/li>\n<li>Video tutorial de impresi\u00f3n de la agenda en formato A5<\/li>\n<li>Plancha de stickers lista para imprimir y cortar en Silhouette Studio, tambi\u00e9n en formato png para otros plotters<\/li>\n<li>Calendario 2026\/2027 sin feriados (para que sea v\u00e1lido para cualquier pa\u00eds)<\/li>\n<li>Planner anual<\/li>\n<li>Plantillas para horarios<\/li>\n<li>Prop\u00f3sitos 2026<\/li>\n<li>Planificador mensual antes de comenzar cada mes<\/li>\n<li>Dos d\u00edas por p\u00e1gina<\/li>\n<li>Hojas de notas punteadas<\/li>\n<li>Incluye 12 divisores mensuales, en formato PDF, con pesta\u00f1as y frases motivadoras hechas en Brush Lettering<\/li>\n<li>Dise\u00f1o de tapa inclu\u00eddo (aunque es opcional usarlo o no)<\/li>\n<\/ul>\n","protected":false},"featured_media":14401,"template":"","meta":{"_uag_custom_page_level_css":"","site-sidebar-layout":"default","site-content-layout":"","ast-site-content-layout":"default","site-content-style":"default","site-sidebar-style":"default","ast-global-header-display":"","ast-banner-title-visibility":"","ast-main-header-display":"","ast-hfb-above-header-display":"","ast-hfb-below-header-display":"","ast-hfb-mobile-header-display":"","site-post-title":"","ast-breadcrumbs-content":"","ast-featured-img":"","footer-sml-layout":"","ast-disable-related-posts":"","theme-transparent-header-meta":"default","adv-header-id-meta":"","stick-header-meta":"default","header-above-stick-meta":"","header-main-stick-meta":"","header-below-stick-meta":"","astra-migrate-meta-layouts":"set","ast-page-background-enabled":"default","ast-page-background-meta":{"desktop":{"background-color":"","background-image":"","background-repeat":"repeat","background-position":"center center","background-size":"auto","background-attachment":"scroll","background-type":"","background-media":"","overlay-type":"","overlay-color":"","overlay-opacity":"","overlay-gradient":""},"tablet":{"background-color":"","background-image":"","background-repeat":"repeat","background-position":"center center","background-size":"auto","background-attachment":"scroll","background-type":"","background-media":"","overlay-type":"","overlay-color":"","overlay-opacity":"","overlay-gradient":""},"mobile":{"background-color":"","background-image":"","background-repeat":"repeat","background-position":"center center","background-size":"auto","background-attachment":"scroll","background-type":"","background-media":"","overlay-type":"","overlay-color":"","overlay-opacity":"","overlay-gradient":""}},"ast-content-background-meta":{"desktop":{"background-color":"var(--ast-global-color-5)","background-image":"","background-repeat":"repeat","background-position":"center center","background-size":"auto","background-attachment":"scroll","background-type":"","background-media":"","overlay-type":"","overlay-color":"","overlay-opacity":"","overlay-gradient":""},"tablet":{"background-color":"var(--ast-global-color-5)","background-image":"","background-repeat":"repeat","background-position":"center center","background-size":"auto","background-attachment":"scroll","background-type":"","background-media":"","overlay-type":"","overlay-color":"","overlay-opacity":"","overlay-gradient":""},"mobile":{"background-color":"var(--ast-global-color-5)","background-image":"","background-repeat":"repeat","background-position":"center center","background-size":"auto","background-attachment":"scroll","background-type":"","background-media":"","overlay-type":"","overlay-color":"","overlay-opacity":"","overlay-gradient":""}}},"product_brand":[],"product_cat":[463,262],"product_tag":[],"class_list":{"0":"post-14425","1":"product","2":"type-product","3":"status-publish","4":"has-post-thumbnail","6":"product_cat-archivos-imprimibles","7":"product_cat-novedades","8":"desktop-align-left","9":"tablet-align-left","10":"mobile-align-left","11":"ast-product-gallery-layout-horizontal-slider","12":"ast-product-tabs-layout-horizontal","14":"first","15":"instock","16":"sale","17":"downloadable","18":"taxable","19":"shipping-taxable","20":"purchasable","21":"product-type-simple"},"uagb_featured_image_src":{"full":["https:\/\/pinkademy.com\/ar\/wp-content\/uploads\/2025\/10\/Dos-dias-por-pagina.png",3801,3800,false],"thumbnail":["https:\/\/pinkademy.com\/ar\/wp-content\/uploads\/2025\/10\/Dos-dias-por-pagina-150x150.png",150,150,true],"medium":["https:\/\/pinkademy.com\/ar\/wp-content\/uploads\/2025\/10\/Dos-dias-por-pagina-300x300.png",300,300,true],"medium_large":["https:\/\/pinkademy.com\/ar\/wp-content\/uploads\/2025\/10\/Dos-dias-por-pagina-768x768.png",768,768,true],"large":["https:\/\/pinkademy.com\/ar\/wp-content\/uploads\/2025\/10\/Dos-dias-por-pagina-1024x1024.png",1024,1024,true],"1536x1536":["https:\/\/pinkademy.com\/ar\/wp-content\/uploads\/2025\/10\/Dos-dias-por-pagina-1536x1536.png",1536,1536,true],"2048x2048":["https:\/\/pinkademy.com\/ar\/wp-content\/uploads\/2025\/10\/Dos-dias-por-pagina-2048x2048.png",2048,2048,true],"woocommerce_thumbnail":["https:\/\/pinkademy.com\/ar\/wp-content\/uploads\/2025\/10\/Dos-dias-por-pagina-300x457.png",300,457,true],"woocommerce_single":["https:\/\/pinkademy.com\/ar\/wp-content\/uploads\/2025\/10\/Dos-dias-por-pagina-600x600.png",600,600,true],"woocommerce_gallery_thumbnail":["https:\/\/pinkademy.com\/ar\/wp-content\/uploads\/2025\/10\/Dos-dias-por-pagina-100x100.png",100,100,true]},"uagb_author_info":{"display_name":"Micaela Cabrera","author_link":"https:\/\/pinkademy.com\/ar\/author\/"},"uagb_comment_info":0,"uagb_excerpt":"Agenda dos d\u00edas por p\u00e1gina Qu\u00e9 incluye: 240 carillas equivalentes a 120 hojas (que se imprimen en el formato final A5) Video tutorial de impresi\u00f3n de la agenda en formato A5 Plancha de stickers lista para imprimir y cortar en Silhouette Studio, tambi\u00e9n en formato png para otros plotters Calendario 2026\/2027 sin feriados (para que&hellip;","_links":{"self":[{"href":"https:\/\/pinkademy.com\/ar\/wp-json\/wp\/v2\/product\/14425","targetHints":{"allow":["GET"]}}],"collection":[{"href":"https:\/\/pinkademy.com\/ar\/wp-json\/wp\/v2\/product"}],"about":[{"href":"https:\/\/pinkademy.com\/ar\/wp-json\/wp\/v2\/types\/product"}],"wp:featuredmedia":[{"embeddable":true,"href":"https:\/\/pinkademy.com\/ar\/wp-json\/wp\/v2\/media\/14401"}],"wp:attachment":[{"href":"https:\/\/pinkademy.com\/ar\/wp-json\/wp\/v2\/media?parent=14425"}],"wp:term":[{"taxonomy":"product_brand","embeddable":true,"href":"https:\/\/pinkademy.com\/ar\/wp-json\/wp\/v2\/product_brand?post=14425"},{"taxonomy":"product_cat","embeddable":true,"href":"https:\/\/pinkademy.com\/ar\/wp-json\/wp\/v2\/product_cat?post=14425"},{"taxonomy":"product_tag","embeddable":true,"href":"https:\/\/pinkademy.com\/ar\/wp-json\/wp\/v2\/product_tag?post=14425"}],"curies":[{"name":"wp","href":"https:\/\/api.w.org\/{rel}","templated":true}]}}